{"id":16626,"date":"2023-10-26T14:23:39","date_gmt":"2023-10-26T14:23:39","guid":{"rendered":"http:\/\/urrigshardt.de\/?post_type=product&#038;p=16626"},"modified":"2023-10-26T14:24:15","modified_gmt":"2023-10-26T14:24:15","slug":"trinkbecher-verschieden-hoelzer-teilweise-von-innen-und-aussen-epoxidiert-2","status":"publish","type":"product","link":"http:\/\/urrigshardt.de\/?product=trinkbecher-verschieden-hoelzer-teilweise-von-innen-und-aussen-epoxidiert-2","title":{"rendered":"Trinkbecher, verschieden H\u00f6lzer, teilweise von Innen und Au\u00dfen Epoxidiert"},"content":{"rendered":"<p>Trinkbecher, verschieden H\u00f6lzer, teilweise von Innen und Au\u00dfen Epoxidiert<\/p>\n","protected":false},"excerpt":{"rendered":"<p>Trinkbecher, verschieden H\u00f6lzer, teilweise von Innen und Au\u00dfen Epoxidiert<\/p>\n","protected":false},"featured_media":16568,"comment_status":"open","ping_status":"closed","template":"","meta":{"ngg_post_thumbnail":0},"product_brand":[],"product_cat":[459],"product_tag":[],"class_list":{"0":"post-16626","1":"product","2":"type-product","3":"status-publish","4":"has-post-thumbnail","6":"product_cat-dechselarbeiten","8":"first","9":"instock","10":"shipping-taxable","11":"purchasable","12":"product-type-simple"},"jetpack_sharing_enabled":true,"_links":{"self":[{"href":"http:\/\/urrigshardt.de\/index.php?rest_route=\/wp\/v2\/product\/16626","targetHints":{"allow":["GET"]}}],"collection":[{"href":"http:\/\/urrigshardt.de\/index.php?rest_route=\/wp\/v2\/product"}],"about":[{"href":"http:\/\/urrigshardt.de\/index.php?rest_route=\/wp\/v2\/types\/product"}],"replies":[{"embeddable":true,"href":"http:\/\/urrigshardt.de\/index.php?rest_route=%2Fwp%2Fv2%2Fcomments&post=16626"}],"wp:featuredmedia":[{"embeddable":true,"href":"http:\/\/urrigshardt.de\/index.php?rest_route=\/wp\/v2\/media\/16568"}],"wp:attachment":[{"href":"http:\/\/urrigshardt.de\/index.php?rest_route=%2Fwp%2Fv2%2Fmedia&parent=16626"}],"wp:term":[{"taxonomy":"product_brand","embeddable":true,"href":"http:\/\/urrigshardt.de\/index.php?rest_route=%2Fwp%2Fv2%2Fproduct_brand&post=16626"},{"taxonomy":"product_cat","embeddable":true,"href":"http:\/\/urrigshardt.de\/index.php?rest_route=%2Fwp%2Fv2%2Fproduct_cat&post=16626"},{"taxonomy":"product_tag","embeddable":true,"href":"http:\/\/urrigshardt.de\/index.php?rest_route=%2Fwp%2Fv2%2Fproduct_tag&post=16626"}],"curies":[{"name":"wp","href":"https:\/\/api.w.org\/{rel}","templated":true}]}}